{"id":171,"date":"2017-05-09T10:16:38","date_gmt":"2017-05-09T08:16:38","guid":{"rendered":"https:\/\/tsipisek.eu\/?page_id=171"},"modified":"2017-05-09T10:16:48","modified_gmt":"2017-05-09T08:16:48","slug":"e-road-pisek-deggendorf-cislo-93","status":"publish","type":"page","link":"https:\/\/tsipisek.eu\/index.php\/e-road-pisek-deggendorf-cislo-93\/","title":{"rendered":"e-Road P\u00edsek &#8211; Deggendorf (\u010d\u00edslo projektu 93)"},"content":{"rendered":"<p style=\"text-align: center;\"><strong>Tento projekt je spolufinancov\u00e1n v r\u00e1mci Programu p\u0159eshrani\u010dn\u00ed spolupr\u00e1ce \u010cesk\u00e1 republika \u2013 Svobodn\u00fd st\u00e1t Bavorsko C\u00edl E\u00daS 2014-2020<\/strong><\/p>\n<p><strong><img loading=\"lazy\" decoding=\"async\" class=\"size-medium wp-image-122 aligncenter\" src=\"https:\/\/tsipisek.eu\/wp-content\/uploads\/2017\/03\/cz-300x73.jpg\" alt=\"\" width=\"300\" height=\"73\" srcset=\"https:\/\/tsipisek.eu\/wp-content\/uploads\/2017\/03\/cz-300x73.jpg 300w, https:\/\/tsipisek.eu\/wp-content\/uploads\/2017\/03\/cz-450x110.jpg 450w, https:\/\/tsipisek.eu\/wp-content\/uploads\/2017\/03\/cz.jpg 667w\" sizes=\"auto, (max-width: 300px) 100vw, 300px\" \/><\/strong><\/p>\n<p><strong><img loading=\"lazy\" decoding=\"async\" class=\"size-medium wp-image-124 aligncenter\" src=\"https:\/\/tsipisek.eu\/wp-content\/uploads\/2017\/03\/eu-300x86.jpg\" alt=\"\" width=\"300\" height=\"86\" srcset=\"https:\/\/tsipisek.eu\/wp-content\/uploads\/2017\/03\/eu-300x86.jpg 300w, https:\/\/tsipisek.eu\/wp-content\/uploads\/2017\/03\/eu-450x130.jpg 450w, https:\/\/tsipisek.eu\/wp-content\/uploads\/2017\/03\/eu.jpg 607w\" sizes=\"auto, (max-width: 300px) 100vw, 300px\" \/> <\/strong><\/p>\n","protected":false},"excerpt":{"rendered":"<p>Tento projekt je spolufinancov\u00e1n v r\u00e1mci Programu p\u0159eshrani\u010dn\u00ed spolupr\u00e1ce \u010cesk\u00e1 republika \u2013 Svobodn\u00fd st\u00e1t Bavorsko C\u00edl E\u00daS 2014-2020<\/p>\n","protected":false},"author":9,"featured_media":0,"parent":0,"menu_order":0,"comment_status":"closed","ping_status":"closed","template":"","meta":{"footnotes":""},"class_list":["post-171","page","type-page","status-publish","hentry"],"_links":{"self":[{"href":"https:\/\/tsipisek.eu\/index.php\/wp-json\/wp\/v2\/pages\/171","targetHints":{"allow":["GET"]}}],"collection":[{"href":"https:\/\/tsipisek.eu\/index.php\/wp-json\/wp\/v2\/pages"}],"about":[{"href":"https:\/\/tsipisek.eu\/index.php\/wp-json\/wp\/v2\/types\/page"}],"author":[{"embeddable":true,"href":"https:\/\/tsipisek.eu\/index.php\/wp-json\/wp\/v2\/users\/9"}],"replies":[{"embeddable":true,"href":"https:\/\/tsipisek.eu\/index.php\/wp-json\/wp\/v2\/comments?post=171"}],"version-history":[{"count":3,"href":"https:\/\/tsipisek.eu\/index.php\/wp-json\/wp\/v2\/pages\/171\/revisions"}],"predecessor-version":[{"id":173,"href":"https:\/\/tsipisek.eu\/index.php\/wp-json\/wp\/v2\/pages\/171\/revisions\/173"}],"wp:attachment":[{"href":"https:\/\/tsipisek.eu\/index.php\/wp-json\/wp\/v2\/media?parent=171"}],"curies":[{"name":"wp","href":"https:\/\/api.w.org\/{rel}","templated":true}]}}